{"id":3958,"date":"2024-09-04T08:31:42","date_gmt":"2024-09-04T08:31:42","guid":{"rendered":"https:\/\/mcwood.lt\/?post_type=product&#038;p=3958"},"modified":"2024-10-10T08:04:45","modified_gmt":"2024-10-10T08:04:45","slug":"azuoliniai-taseliai-39x60x2780","status":"publish","type":"product","link":"https:\/\/mcwood.lt\/en\/product\/azuoliniai-taseliai-39x60x2780\/","title":{"rendered":"\u0104\u017euoliniai ta\u0161eliai &#8211; 39x60x2780"},"content":{"rendered":"<p style=\"font-weight: 400;\"><strong>\u0104\u017euoliniai ta\u0161eliai &#8211; 39 mm plotis x 60 mm gylis x 2780 mm arba 3030 mm ilgis<\/strong><\/p>\n<p style=\"font-weight: 400;\">The slats are made from an MDF laminated with a natural oak shell on 4 sides. They can be used as a decor element, in the manufacture of wooden partitioning wall, to create interior details from wood. To visually enlarge the space or to enjoy the cosy and warm feeling that radiates from wood. The maximum length of the slats is 2780 mm.<\/p>\n<p style=\"font-weight: 400;\">The slats can be used in any room where there is low humidity. The specified price applies to each piece of the product.<\/p>\n<p style=\"font-weight: 400;\">We guarantee that our products are free from any hazardous materials. Your health and wellbeing are important to us, and so is the environment. That is why we only supply premium, sustainable products.\n\nFeel free to choose \u2013 in this way, the wall or ceiling slats panel can blend into any interior. If you have your own ideas for the interior, we can help you bring them to life!<\/p>\n<p style=\"font-weight: 400;\">\n<p style=\"font-weight: 400;\">","protected":false},"excerpt":{"rendered":"<p style=\"font-weight: 400;\"><strong>Lakuotas\/alyvuotas\/beicuotas \u00a0&#8211; 24 eur\/vnt + PVM<\/strong><\/p>\n<p style=\"font-weight: 400;\">\u0160ie \u0105\u017euoliniai ta\u0161eliai yra laminuoti i\u0161 vis\u0173 keturi\u0173 pusi\u0173, tod\u0117l idealiai tinka a\u017e\u016brini\u0173 sien\u0173 gamybai. Ta\u0161eliai gali b\u016bti lakuoti nat\u016braliu matiniu laku, padengti pasirinkta alyva su spalva, beicuoti arba niekuo nepadengti.<\/p>\n<ul style=\"font-weight: 400;\">\n<li>39 mm plotis x 60 mm gylis x 2780 mm arba 3030 mm \u00a0auk\u0161tis.<\/li>\n<li>Natural oak shell laminated\non all sides.<\/li>\n<li>The slats keep their shape and are resistant to environmental effects.<\/li>\n<li>They are made from an MDF panel.<\/li>\n<li>Naudojami gaminti a\u017e\u016brin\u0117ms sienel\u0117ms.<\/li>\n<li>Easy and quick to install.<\/li>\n<\/ul>\n<p style=\"font-weight: 400;\">Ta\u0161elio matmenys (mm): 39x60x2780<\/p>","protected":false},"featured_media":3959,"template":"","meta":{"ocean_post_layout":"","ocean_both_sidebars_style":"","ocean_both_sidebars_content_width":0,"ocean_both_sidebars_sidebars_width":0,"ocean_sidebar":"0","ocean_second_sidebar":"0","ocean_disable_margins":"enable","ocean_add_body_class":"","ocean_shortcode_before_top_bar":"","ocean_shortcode_after_top_bar":"","ocean_shortcode_before_header":"","ocean_shortcode_after_header":"","ocean_has_shortcode":"","ocean_shortcode_after_title":"","ocean_shortcode_before_footer_widgets":"","ocean_shortcode_after_footer_widgets":"","ocean_shortcode_before_footer_bottom":"","ocean_shortcode_after_footer_bottom":"","ocean_display_top_bar":"default","ocean_display_header":"default","ocean_header_style":"","ocean_center_header_left_menu":"0","ocean_custom_header_template":"0","ocean_custom_logo":0,"ocean_custom_retina_logo":0,"ocean_custom_logo_max_width":0,"ocean_custom_logo_tablet_max_width":0,"ocean_custom_logo_mobile_max_width":0,"ocean_custom_logo_max_height":0,"ocean_custom_logo_tablet_max_height":0,"ocean_custom_logo_mobile_max_height":0,"ocean_header_custom_menu":"0","ocean_menu_typo_font_family":"0","ocean_menu_typo_font_subset":"","ocean_menu_typo_font_size":0,"ocean_menu_typo_font_size_tablet":0,"ocean_menu_typo_font_size_mobile":0,"ocean_menu_typo_font_size_unit":"px","ocean_menu_typo_font_weight":"","ocean_menu_typo_font_weight_tablet":"","ocean_menu_typo_font_weight_mobile":"","ocean_menu_typo_transform":"","ocean_menu_typo_transform_tablet":"","ocean_menu_typo_transform_mobile":"","ocean_menu_typo_line_height":0,"ocean_menu_typo_line_height_tablet":0,"ocean_menu_typo_line_height_mobile":0,"ocean_menu_typo_line_height_unit":"","ocean_menu_typo_spacing":0,"ocean_menu_typo_spacing_tablet":0,"ocean_menu_typo_spacing_mobile":0,"ocean_menu_typo_spacing_unit":"","ocean_menu_link_color":"","ocean_menu_link_color_hover":"","ocean_menu_link_color_active":"","ocean_menu_link_background":"","ocean_menu_link_hover_background":"","ocean_menu_link_active_background":"","ocean_menu_social_links_bg":"","ocean_menu_social_hover_links_bg":"","ocean_menu_social_links_color":"","ocean_menu_social_hover_links_color":"","ocean_disable_title":"default","ocean_disable_heading":"default","ocean_post_title":"","ocean_post_subheading":"","ocean_post_title_style":"","ocean_post_title_background_color":"","ocean_post_title_background":0,"ocean_post_title_bg_image_position":"","ocean_post_title_bg_image_attachment":"","ocean_post_title_bg_image_repeat":"","ocean_post_title_bg_image_size":"","ocean_post_title_height":0,"ocean_post_title_bg_overlay":0.5,"ocean_post_title_bg_overlay_color":"","ocean_disable_breadcrumbs":"default","ocean_breadcrumbs_color":"","ocean_breadcrumbs_separator_color":"","ocean_breadcrumbs_links_color":"","ocean_breadcrumbs_links_hover_color":"","ocean_display_footer_widgets":"default","ocean_display_footer_bottom":"default","ocean_custom_footer_template":"0"},"product_cat":[43],"product_tag":[],"_links":{"self":[{"href":"https:\/\/mcwood.lt\/en\/wp-json\/wp\/v3\/product\/3958"}],"collection":[{"href":"https:\/\/mcwood.lt\/en\/wp-json\/wp\/v3\/product"}],"about":[{"href":"https:\/\/mcwood.lt\/en\/wp-json\/wp\/v2\/types\/product"}],"wp:featuredmedia":[{"embeddable":true,"href":"https:\/\/mcwood.lt\/en\/wp-json\/wp\/v2\/media\/3959"}],"wp:attachment":[{"href":"https:\/\/mcwood.lt\/en\/wp-json\/wp\/v2\/media?parent=3958"}],"wp:term":[{"taxonomy":"product_cat","embeddable":true,"href":"https:\/\/mcwood.lt\/en\/wp-json\/wp\/v2\/product_cat?post=3958"},{"taxonomy":"product_tag","embeddable":true,"href":"https:\/\/mcwood.lt\/en\/wp-json\/wp\/v2\/product_tag?post=3958"}],"curies":[{"name":"wp","href":"https:\/\/api.w.org\/{rel}","templated":true}]}}