{"id":3955,"date":"2024-09-04T08:19:53","date_gmt":"2024-09-04T08:19:53","guid":{"rendered":"https:\/\/mcwood.lt\/?post_type=product&#038;p=3955"},"modified":"2024-09-04T08:29:19","modified_gmt":"2024-09-04T08:29:19","slug":"azuolinis-taselis-20x20x2780","status":"publish","type":"product","link":"https:\/\/mcwood.lt\/en\/product\/azuolinis-taselis-20x20x2780\/","title":{"rendered":"\u0104\u017euolinis ta\u0161elis 20x20x2780"},"content":{"rendered":"<div>\n<h2>\u0104\u017euoliniai ta\u0161eliai &#8211; 20 mm plotis x 20 mm gylis x 2780 mm \u00a0ilgis<\/h2>\n<\/div>\n<div>\n<p>\u0104\u017euoliniai ta\u0161eliai yra pagaminti i\u0161 MDF plok\u0161t\u0117s, laminuotos nat\u016braliu \u0105\u017euolo luk\u0161tu i\u0161 trij\u0173 pusi\u0173. Naudojami kaip dekoro elementas ant sien\u0173 ir lub\u0173 siekiant vizualiai padidinti erdv\u0119. \u012evairiose erdv\u0117se montuojami \u0105\u017euoliniai ta\u0161eliai sukuria interjere jaukumo ir \u0161ilumos poj\u016bt\u012f. Ta\u0161eli\u0173 maksimalus ilgis yra 2780 mm<\/p>\n<\/div>\n<div>\n<p>If you opt for plain slats, they can be coated with the oil or paint of your choice and glued on a prepared wall. The slats can be used in any room where there is low humidity. The specified price applies to each piece of the product. \n\nWe guarantee that our products are made from EU-certified ecological materials. Your health and wellbeing are important to us, and so is the environment. That is why we only supply high quality, sustainable products.\n\nFeel free to choose \u2013 in this way, the wall or ceiling slats panels can blend into any interior. If you have your own ideas for the interior, we can help you bring them to YOU!<\/p>\n<\/div>","protected":false},"excerpt":{"rendered":"<p style=\"font-weight: 400;\"><strong>Lakuotas\/alyvuotas\/beicuotas &#8211; 8 eur\/vnt + PVM<\/strong><\/p>\n<p style=\"font-weight: 400;\">\u0160ie \u0105\u017euoliniai ta\u0161eliai yra vienas perkamiausi\u0173 gamini\u0173 m\u016bs\u0173 asortimente. Ta\u0161eliai gali b\u016bti lakuoti nat\u016braliu matiniu laku, padengti pasirinkta alyva su spalva, beicuoti arba niekuo nepadengti.<\/p>\n<ul style=\"font-weight: 400;\">\n<li>20 mm plotis x 20 mm gylis x 2780 mm auk\u0161tis.<\/li>\n<li>Natural oak shell laminated\non 3 sides.<\/li>\n<li>The slats keep their shape and are resistant to environmental effects.<\/li>\n<li>Can be glued onto walls and ceilings.<\/li>\n<li>Easy and quick to install.<\/li>\n<li>Can be glued in place with installation - grade glue.<\/li>\n<li>An elegant and cosy addition to your interior.<\/li>\n<\/ul>\n<p><span style=\"font-weight: 400;\">Ta\u0161elio matmenys (mm): 20x20x2780 mm<\/span><\/p>","protected":false},"featured_media":3956,"template":"","meta":{"ocean_post_layout":"","ocean_both_sidebars_style":"","ocean_both_sidebars_content_width":0,"ocean_both_sidebars_sidebars_width":0,"ocean_sidebar":"0","ocean_second_sidebar":"0","ocean_disable_margins":"enable","ocean_add_body_class":"","ocean_shortcode_before_top_bar":"","ocean_shortcode_after_top_bar":"","ocean_shortcode_before_header":"","ocean_shortcode_after_header":"","ocean_has_shortcode":"","ocean_shortcode_after_title":"","ocean_shortcode_before_footer_widgets":"","ocean_shortcode_after_footer_widgets":"","ocean_shortcode_before_footer_bottom":"","ocean_shortcode_after_footer_bottom":"","ocean_display_top_bar":"default","ocean_display_header":"default","ocean_header_style":"","ocean_center_header_left_menu":"0","ocean_custom_header_template":"0","ocean_custom_logo":0,"ocean_custom_retina_logo":0,"ocean_custom_logo_max_width":0,"ocean_custom_logo_tablet_max_width":0,"ocean_custom_logo_mobile_max_width":0,"ocean_custom_logo_max_height":0,"ocean_custom_logo_tablet_max_height":0,"ocean_custom_logo_mobile_max_height":0,"ocean_header_custom_menu":"0","ocean_menu_typo_font_family":"0","ocean_menu_typo_font_subset":"","ocean_menu_typo_font_size":0,"ocean_menu_typo_font_size_tablet":0,"ocean_menu_typo_font_size_mobile":0,"ocean_menu_typo_font_size_unit":"px","ocean_menu_typo_font_weight":"","ocean_menu_typo_font_weight_tablet":"","ocean_menu_typo_font_weight_mobile":"","ocean_menu_typo_transform":"","ocean_menu_typo_transform_tablet":"","ocean_menu_typo_transform_mobile":"","ocean_menu_typo_line_height":0,"ocean_menu_typo_line_height_tablet":0,"ocean_menu_typo_line_height_mobile":0,"ocean_menu_typo_line_height_unit":"","ocean_menu_typo_spacing":0,"ocean_menu_typo_spacing_tablet":0,"ocean_menu_typo_spacing_mobile":0,"ocean_menu_typo_spacing_unit":"","ocean_menu_link_color":"","ocean_menu_link_color_hover":"","ocean_menu_link_color_active":"","ocean_menu_link_background":"","ocean_menu_link_hover_background":"","ocean_menu_link_active_background":"","ocean_menu_social_links_bg":"","ocean_menu_social_hover_links_bg":"","ocean_menu_social_links_color":"","ocean_menu_social_hover_links_color":"","ocean_disable_title":"default","ocean_disable_heading":"default","ocean_post_title":"","ocean_post_subheading":"","ocean_post_title_style":"","ocean_post_title_background_color":"","ocean_post_title_background":0,"ocean_post_title_bg_image_position":"","ocean_post_title_bg_image_attachment":"","ocean_post_title_bg_image_repeat":"","ocean_post_title_bg_image_size":"","ocean_post_title_height":0,"ocean_post_title_bg_overlay":0.5,"ocean_post_title_bg_overlay_color":"","ocean_disable_breadcrumbs":"default","ocean_breadcrumbs_color":"","ocean_breadcrumbs_separator_color":"","ocean_breadcrumbs_links_color":"","ocean_breadcrumbs_links_hover_color":"","ocean_display_footer_widgets":"default","ocean_display_footer_bottom":"default","ocean_custom_footer_template":"0"},"product_cat":[43],"product_tag":[],"_links":{"self":[{"href":"https:\/\/mcwood.lt\/en\/wp-json\/wp\/v3\/product\/3955"}],"collection":[{"href":"https:\/\/mcwood.lt\/en\/wp-json\/wp\/v3\/product"}],"about":[{"href":"https:\/\/mcwood.lt\/en\/wp-json\/wp\/v2\/types\/product"}],"wp:featuredmedia":[{"embeddable":true,"href":"https:\/\/mcwood.lt\/en\/wp-json\/wp\/v2\/media\/3956"}],"wp:attachment":[{"href":"https:\/\/mcwood.lt\/en\/wp-json\/wp\/v2\/media?parent=3955"}],"wp:term":[{"taxonomy":"product_cat","embeddable":true,"href":"https:\/\/mcwood.lt\/en\/wp-json\/wp\/v2\/product_cat?post=3955"},{"taxonomy":"product_tag","embeddable":true,"href":"https:\/\/mcwood.lt\/en\/wp-json\/wp\/v2\/product_tag?post=3955"}],"curies":[{"name":"wp","href":"https:\/\/api.w.org\/{rel}","templated":true}]}}