{"id":3920,"date":"2024-02-26T12:33:23","date_gmt":"2024-02-26T12:33:23","guid":{"rendered":"https:\/\/mcwood.lt\/?post_type=product&#038;p=3920"},"modified":"2024-02-26T12:38:45","modified_gmt":"2024-02-26T12:38:45","slug":"3920","status":"publish","type":"product","link":"https:\/\/mcwood.lt\/en\/product\/3920\/","title":{"rendered":"A\u017e\u016brin\u0117 sienel\u0117 26 mm plotis x 100 mm gylis su 54 mm tarpeliu"},"content":{"rendered":"<div class=\"woocommerce-product-details__short-description\">\n<h2 class=\"p1\"><b>A\u017e\u016brin\u0117 sienel\u0117 <strong>26 mm plotis x 100 mm gylis su 54 mm tarpeliu<\/strong><\/b><\/h2>\n<p>A\u017e\u016brin\u0117 sienel\u0117 i\u0161 ta\u0161eli\u0173:\u00a0<strong>26 mm plotis x 100 mm gylis su 54 mm tarpeliu.\u00a0<\/strong>Maksimalus auk\u0161tis 2800 mm<strong>,\u00a0<\/strong>\u00a0laisvai pastatoma. Nam\u0173 interjere naudojama kaip zonas atskirianti pertvara, kaip dekoratyvin\u0117 sienel\u0117 pasl\u0117pti radiatoriams arba puo\u0161ni \u0161irma.<\/p>\n<p>\u0104\u017euoliniai ta\u0161eliai lakuoti matiniu laku, beicuoti arba alyvuoti tonuota alyva. Ta\u0161eli\u0173 briaunos laminuotos i\u0161 vis\u0173 matom\u0173 pusi\u0173. Jei vis dar svarstote, kokia a\u017e\u016brin\u0117s sienel\u0117s spalva tikt\u0173 j\u016bs\u0173 interjere, susisiekite! Konsultacijos metu pritaikysime ir kartu surasime jums tinkamiausi\u0105 sprendim\u0105. Gaminame individualiai tik j\u016bs\u0173 interjerui.<\/p>\n<p>We guarantee that our products are made from EU-certified ecological materials. Your health and wellbeing are important to us, and so is the environment. That is why we only supply high quality, sustainable products.\n\nFeel free to choose \u2013 in this way, the wall or ceiling slats panels can blend into any interior. If you have your own ideas for the interior, we can help you bring them to YOU!<\/p>\n<\/div>","protected":false},"excerpt":{"rendered":"<div class=\"woocommerce-product-details__short-description\">\n<p class=\"p1\">A\u017e\u016brin\u0117, laisvai pastatoma sienel\u0117 26 mm plotis x 100 mm gylis, su 54 mm tarpeliu. Maksimalus auk\u0161tis 2800 mm. Tarpai tarp ta\u0161eli\u0173 54 mm.<\/p>\n<ul>\n<li><i class=\"icon-check\"><\/i> Measurements (mm): 26x60x34x2780. <strong>26x100x54x2800<\/strong> mm.<\/li>\n<li><i class=\"icon-check\"><\/i> Ta\u0161eliai lakuoti matiniu laku, beicuoti,da\u017eyti arba alyvuoti tonuota alyva<\/li>\n<li><i class=\"icon-check\"><\/i> Tarpai tarp ta\u0161eli\u0173 54 mm.<i class=\"icon-check\"><\/i><\/li>\n<li><i class=\"icon-check\"><\/i> The edges of the slats are laminated on all visible sides.<\/li>\n<li><i class=\"icon-check\"><\/i> Free standing.<\/li>\n<li><i class=\"icon-check\"><\/i> Quick to install.<\/li>\n<li><i class=\"icon-check\"><\/i> Optically increases the space.<\/li>\n<\/ul>\n<p class=\"p1\">Sienel\u0117s matmenys (mm): 26x100x54x2800. Tarpai tarp ta\u0161eli\u0173 54 mm.<\/p>\n<\/div>\n<h5 class=\"form-vertical-spacing-top\">Make an inquiry and we will contact you!<\/h5>","protected":false},"featured_media":3919,"template":"","meta":{"ocean_post_layout":"","ocean_both_sidebars_style":"","ocean_both_sidebars_content_width":0,"ocean_both_sidebars_sidebars_width":0,"ocean_sidebar":"0","ocean_second_sidebar":"0","ocean_disable_margins":"enable","ocean_add_body_class":"","ocean_shortcode_before_top_bar":"","ocean_shortcode_after_top_bar":"","ocean_shortcode_before_header":"","ocean_shortcode_after_header":"","ocean_has_shortcode":"","ocean_shortcode_after_title":"","ocean_shortcode_before_footer_widgets":"","ocean_shortcode_after_footer_widgets":"","ocean_shortcode_before_footer_bottom":"","ocean_shortcode_after_footer_bottom":"","ocean_display_top_bar":"default","ocean_display_header":"default","ocean_header_style":"","ocean_center_header_left_menu":"0","ocean_custom_header_template":"0","ocean_custom_logo":0,"ocean_custom_retina_logo":0,"ocean_custom_logo_max_width":0,"ocean_custom_logo_tablet_max_width":0,"ocean_custom_logo_mobile_max_width":0,"ocean_custom_logo_max_height":0,"ocean_custom_logo_tablet_max_height":0,"ocean_custom_logo_mobile_max_height":0,"ocean_header_custom_menu":"0","ocean_menu_typo_font_family":"0","ocean_menu_typo_font_subset":"","ocean_menu_typo_font_size":0,"ocean_menu_typo_font_size_tablet":0,"ocean_menu_typo_font_size_mobile":0,"ocean_menu_typo_font_size_unit":"px","ocean_menu_typo_font_weight":"","ocean_menu_typo_font_weight_tablet":"","ocean_menu_typo_font_weight_mobile":"","ocean_menu_typo_transform":"","ocean_menu_typo_transform_tablet":"","ocean_menu_typo_transform_mobile":"","ocean_menu_typo_line_height":0,"ocean_menu_typo_line_height_tablet":0,"ocean_menu_typo_line_height_mobile":0,"ocean_menu_typo_line_height_unit":"","ocean_menu_typo_spacing":0,"ocean_menu_typo_spacing_tablet":0,"ocean_menu_typo_spacing_mobile":0,"ocean_menu_typo_spacing_unit":"","ocean_menu_link_color":"","ocean_menu_link_color_hover":"","ocean_menu_link_color_active":"","ocean_menu_link_background":"","ocean_menu_link_hover_background":"","ocean_menu_link_active_background":"","ocean_menu_social_links_bg":"","ocean_menu_social_hover_links_bg":"","ocean_menu_social_links_color":"","ocean_menu_social_hover_links_color":"","ocean_disable_title":"default","ocean_disable_heading":"default","ocean_post_title":"","ocean_post_subheading":"","ocean_post_title_style":"","ocean_post_title_background_color":"","ocean_post_title_background":0,"ocean_post_title_bg_image_position":"","ocean_post_title_bg_image_attachment":"","ocean_post_title_bg_image_repeat":"","ocean_post_title_bg_image_size":"","ocean_post_title_height":0,"ocean_post_title_bg_overlay":0.5,"ocean_post_title_bg_overlay_color":"","ocean_disable_breadcrumbs":"default","ocean_breadcrumbs_color":"","ocean_breadcrumbs_separator_color":"","ocean_breadcrumbs_links_color":"","ocean_breadcrumbs_links_hover_color":"","ocean_display_footer_widgets":"default","ocean_display_footer_bottom":"default","ocean_custom_footer_template":"0"},"product_cat":[23],"product_tag":[52,53,54,49],"_links":{"self":[{"href":"https:\/\/mcwood.lt\/en\/wp-json\/wp\/v3\/product\/3920"}],"collection":[{"href":"https:\/\/mcwood.lt\/en\/wp-json\/wp\/v3\/product"}],"about":[{"href":"https:\/\/mcwood.lt\/en\/wp-json\/wp\/v2\/types\/product"}],"wp:featuredmedia":[{"embeddable":true,"href":"https:\/\/mcwood.lt\/en\/wp-json\/wp\/v2\/media\/3919"}],"wp:attachment":[{"href":"https:\/\/mcwood.lt\/en\/wp-json\/wp\/v2\/media?parent=3920"}],"wp:term":[{"taxonomy":"product_cat","embeddable":true,"href":"https:\/\/mcwood.lt\/en\/wp-json\/wp\/v2\/product_cat?post=3920"},{"taxonomy":"product_tag","embeddable":true,"href":"https:\/\/mcwood.lt\/en\/wp-json\/wp\/v2\/product_tag?post=3920"}],"curies":[{"name":"wp","href":"https:\/\/api.w.org\/{rel}","templated":true}]}}