{"id":3888,"date":"2023-05-10T06:52:51","date_gmt":"2023-05-10T06:52:51","guid":{"rendered":"http:\/\/mcwood.lt\/?post_type=product&#038;p=3888"},"modified":"2024-02-26T12:41:27","modified_gmt":"2024-02-26T12:41:27","slug":"skydas-26x10x14","status":"publish","type":"product","link":"https:\/\/mcwood.lt\/en\/product\/skydas-26x10x14\/","title":{"rendered":"Skydas 26x10x14"},"content":{"rendered":"<p style=\"font-weight: 400;\"><strong>Skydas su ta\u0161eliais 2700 mm auk\u0161tis x 560 mm plotis\u00a0<\/strong><\/p>\n<p style=\"font-weight: 400;\">Ta\u0161eli\u0173 matmenys 26 mm plotis x 10 mm gylis su 14 mm tarpeliu. Ta\u0161eliai sumontuoti ant 4 mm storio pagrindo, kuris gali b\u016bti nuda\u017eytas, bet kuria spalva i\u0161 RAL arba NCS spalv\u0173 kod\u0173 pale\u010di\u0173. Apdailinio skydo maksimalus auk\u0161tis 2700 mm. \u0104\u017euoliniai ta\u0161eliai ant plok\u0161t\u0117s tvirtinami \u0161audant specialiomis kab\u0117mis. Pats skydas tvirtinamas klijuojant arba prisukant per tarpel\u012f tarp ta\u0161eli\u0173.<\/p>\n<p style=\"font-weight: 400;\">The panel is a maximum of 2780 mm high, and it can be made as wide (or as narrow) as you need it to be. The panels interlock at the back of a slats rendering the horizontal joints invisible. For extra height, panels can be placed on top of one another, with a 3 mm gap being maintained.<\/p>\n<p style=\"font-weight: 400;\">Our clients often choose panels in a black colour. However, we are also able to paint the base of the panel in any colour from the panel of RAL or NCS codes.<\/p>\n<p style=\"font-weight: 400;\">Feel free to choose \u2013 in this way, the wall or ceiling slats panel can blend into any interior. If you have your own ideas for the interior, we can help you bring them to life!<\/p>","protected":false},"excerpt":{"rendered":"<p style=\"font-weight: 400;\"><strong>Ta\u0161eliai gali b\u016bti lakuoti matiniu laku, alyvuoti tonuota alyva arba da\u017eyti.<\/strong><\/p>\n<p style=\"font-weight: 400;\"><strong>Skydo matmenys: 2700 mm auk\u0161tis x 560 mm plotis<\/strong><\/p>\n<p style=\"font-weight: 400;\">Panel\u00a0<strong>2700 mm auk\u0161\u010dio ir 560 mm plo\u010dio\u00a0<\/strong>i\u0161 \u0105\u017euolini\u0173 ta\u0161eli\u0173, kurie sumontuoti ant juodos MDF plok\u0161t\u0117s.<\/p>\n<ul style=\"font-weight: 400;\">\n<li>26mm plotis x 10mm gylis, su 14 mm tarpeliu.<\/li>\n<li>Ta\u0161eliai yra sumontuoti ant \u00a04 mm storio da\u017eyto pagrindo<\/li>\n<li>The slats and the background can be painted in the colour of your choice from an RAL or NCS palette.<\/li>\n<li>The edges of the slats are laminated on all visible sides.<\/li>\n<li>The installation can be done with glue for wall or with screws for wall or ceiling mounting.<\/li>\n<li>Easy installation on walls and ceilings.<\/li>\n<li>Optically increases the space.<\/li>\n<li>The panel creates the optical impression of a larger space.<\/li>\n<\/ul>","protected":false},"featured_media":3879,"template":"","meta":{"ocean_post_layout":"","ocean_both_sidebars_style":"","ocean_both_sidebars_content_width":0,"ocean_both_sidebars_sidebars_width":0,"ocean_sidebar":"0","ocean_second_sidebar":"0","ocean_disable_margins":"enable","ocean_add_body_class":"","ocean_shortcode_before_top_bar":"","ocean_shortcode_after_top_bar":"","ocean_shortcode_before_header":"","ocean_shortcode_after_header":"","ocean_has_shortcode":"","ocean_shortcode_after_title":"","ocean_shortcode_before_footer_widgets":"","ocean_shortcode_after_footer_widgets":"","ocean_shortcode_before_footer_bottom":"","ocean_shortcode_after_footer_bottom":"","ocean_display_top_bar":"default","ocean_display_header":"default","ocean_header_style":"","ocean_center_header_left_menu":"0","ocean_custom_header_template":"0","ocean_custom_logo":0,"ocean_custom_retina_logo":0,"ocean_custom_logo_max_width":0,"ocean_custom_logo_tablet_max_width":0,"ocean_custom_logo_mobile_max_width":0,"ocean_custom_logo_max_height":0,"ocean_custom_logo_tablet_max_height":0,"ocean_custom_logo_mobile_max_height":0,"ocean_header_custom_menu":"0","ocean_menu_typo_font_family":"0","ocean_menu_typo_font_subset":"","ocean_menu_typo_font_size":0,"ocean_menu_typo_font_size_tablet":0,"ocean_menu_typo_font_size_mobile":0,"ocean_menu_typo_font_size_unit":"px","ocean_menu_typo_font_weight":"","ocean_menu_typo_font_weight_tablet":"","ocean_menu_typo_font_weight_mobile":"","ocean_menu_typo_transform":"","ocean_menu_typo_transform_tablet":"","ocean_menu_typo_transform_mobile":"","ocean_menu_typo_line_height":0,"ocean_menu_typo_line_height_tablet":0,"ocean_menu_typo_line_height_mobile":0,"ocean_menu_typo_line_height_unit":"","ocean_menu_typo_spacing":0,"ocean_menu_typo_spacing_tablet":0,"ocean_menu_typo_spacing_mobile":0,"ocean_menu_typo_spacing_unit":"","ocean_menu_link_color":"","ocean_menu_link_color_hover":"","ocean_menu_link_color_active":"","ocean_menu_link_background":"","ocean_menu_link_hover_background":"","ocean_menu_link_active_background":"","ocean_menu_social_links_bg":"","ocean_menu_social_hover_links_bg":"","ocean_menu_social_links_color":"","ocean_menu_social_hover_links_color":"","ocean_disable_title":"default","ocean_disable_heading":"default","ocean_post_title":"","ocean_post_subheading":"","ocean_post_title_style":"","ocean_post_title_background_color":"","ocean_post_title_background":0,"ocean_post_title_bg_image_position":"","ocean_post_title_bg_image_attachment":"","ocean_post_title_bg_image_repeat":"","ocean_post_title_bg_image_size":"","ocean_post_title_height":0,"ocean_post_title_bg_overlay":0.5,"ocean_post_title_bg_overlay_color":"","ocean_disable_breadcrumbs":"default","ocean_breadcrumbs_color":"","ocean_breadcrumbs_separator_color":"","ocean_breadcrumbs_links_color":"","ocean_breadcrumbs_links_hover_color":"","ocean_display_footer_widgets":"default","ocean_display_footer_bottom":"default","ocean_custom_footer_template":"0"},"product_cat":[44],"product_tag":[],"_links":{"self":[{"href":"https:\/\/mcwood.lt\/en\/wp-json\/wp\/v3\/product\/3888"}],"collection":[{"href":"https:\/\/mcwood.lt\/en\/wp-json\/wp\/v3\/product"}],"about":[{"href":"https:\/\/mcwood.lt\/en\/wp-json\/wp\/v2\/types\/product"}],"wp:featuredmedia":[{"embeddable":true,"href":"https:\/\/mcwood.lt\/en\/wp-json\/wp\/v2\/media\/3879"}],"wp:attachment":[{"href":"https:\/\/mcwood.lt\/en\/wp-json\/wp\/v2\/media?parent=3888"}],"wp:term":[{"taxonomy":"product_cat","embeddable":true,"href":"https:\/\/mcwood.lt\/en\/wp-json\/wp\/v2\/product_cat?post=3888"},{"taxonomy":"product_tag","embeddable":true,"href":"https:\/\/mcwood.lt\/en\/wp-json\/wp\/v2\/product_tag?post=3888"}],"curies":[{"name":"wp","href":"https:\/\/api.w.org\/{rel}","templated":true}]}}