{"id":2864,"date":"2022-02-15T10:33:39","date_gmt":"2022-02-15T10:33:39","guid":{"rendered":"http:\/\/mcwood.lt\/?post_type=product&#038;p=2864"},"modified":"2023-05-10T08:16:01","modified_gmt":"2023-05-10T08:16:01","slug":"dazytas-skydas-40x20x20","status":"publish","type":"product","link":"https:\/\/mcwood.lt\/en\/product\/dazytas-skydas-40x20x20\/","title":{"rendered":"Painted panel\u2028 40x20x20"},"content":{"rendered":"<h2 class=\"p1\"><b>Painted panel\u2028 40x20x20 <span class=\"Apple-converted-space\">\u00a0<\/span><\/b><\/h2>\n<p>Ta\u0161eliai yra sumontuoti ant 8 mm storio da\u017eyto MDF plok\u0161t\u0117s pagrindo. Skydas lengvai pritaikomas sien\u0173 ir lub\u0173 apdailai. Apdailinio skydo maksimalus auk\u0161tis 2780 mm. Plot\u012f pritaikome individualiai pagal j\u016bs\u0173 duotus i\u0161matavimus. Skydai tarpusavyje sujungiami galin\u0117je ta\u0161elio dalyje, tod\u0117l sujungimas horizontalia kryptimi yra nematomas. Jeigu reikalingas didesnis auk\u0161tis, daromas sujungimas su 3 mm tarpeliu tarp skyd\u0173.<\/p>\n<p>Skydo pagrindo spalv\u0105 galite rinktis i\u0161 gausaus RAL arba NCS spalv\u0173 kod\u0173 katalog\u0173. \u0104\u017euoliniai ta\u0161eliai ant plok\u0161t\u0117s tvirtinami \u0161audant specialiomis kab\u0117mis. Apdailinis skydas prie sienos ir lub\u0173 tvirtinamas klijuojant arba prisukant per tarpel\u012f tarp ta\u0161\u0173.<\/p>\n<p>We guarantee that our products are free from any hazardous materials. Your health and wellbeing are important to us, and so is the environment. That is why we only supply premium, sustainable products.<\/p>\n<p>Feel free to choose \u2013 in this way, the wall or ceiling slats panel can blend into any interior. If you have your own ideas for the interior, we can help you bring them to life!<\/p>","protected":false},"excerpt":{"rendered":"<p><b>40 mm wide x 20 mm deep, with a 20 mm gap.<\/b><\/p>\n<p class=\"p1\">The finishing panel is made of a painted MDF background with painted oak slats attached. It is a highly aesthetic, modern solution suitable for those who want a cosy and durable environment.<\/p>\n<ul style=\"font-size: 14px; margin: 20px 0 0; list-style: none;\">\n<li style=\"margin-bottom: 8px;\"><i class=\"icon-check\" style=\"color: #a78952; margin-right: 10px;\"><\/i> 40 mm wide x 20 mm deep, with a 20 mm gap.<\/li>\n<li style=\"margin-bottom: 8px;\"><i class=\"icon-check\" style=\"color: #a78952; margin-right: 10px;\"><\/i> The background is made from a painted 8 mm MDF board.<\/li>\n<li style=\"margin-bottom: 8px;\"><i class=\"icon-check\" style=\"color: #a78952; margin-right: 10px;\"><\/i> The slats and the background can be painted in the colour of your choice from an RAL or NCS palette.<\/li>\n<li style=\"margin-bottom: 8px;\"><i class=\"icon-check\" style=\"color: #a78952; margin-right: 10px;\"><\/i> The edges of the slats are laminated on all visible sides.<\/li>\n<li style=\"margin-bottom: 8px;\"><i class=\"icon-check\" style=\"color: #a78952; margin-right: 10px;\"><\/i> The installation can be done with glue for wall or with screws for wall or ceiling mounting.<\/li>\n<li style=\"margin-bottom: 8px;\"><i class=\"icon-check\" style=\"color: #a78952; margin-right: 10px;\"><\/i> Easy installation on walls and ceilings.<\/li>\n<li style=\"margin-bottom: 8px;\"><i class=\"icon-check\" style=\"color: #a78952; margin-right: 10px;\"><\/i> Optically increases the space.<\/li>\n<li style=\"margin-bottom: 8px;\"><i class=\"icon-check\" style=\"color: #a78952; margin-right: 10px;\"><\/i> The panel creates the optical impression of a larger space.<\/li>\n<\/ul>\n<p class=\"p1\">","protected":false},"featured_media":2865,"template":"","meta":{"ocean_post_layout":"","ocean_both_sidebars_style":"","ocean_both_sidebars_content_width":0,"ocean_both_sidebars_sidebars_width":0,"ocean_sidebar":"0","ocean_second_sidebar":"0","ocean_disable_margins":"enable","ocean_add_body_class":"","ocean_shortcode_before_top_bar":"","ocean_shortcode_after_top_bar":"","ocean_shortcode_before_header":"","ocean_shortcode_after_header":"","ocean_has_shortcode":"","ocean_shortcode_after_title":"","ocean_shortcode_before_footer_widgets":"","ocean_shortcode_after_footer_widgets":"","ocean_shortcode_before_footer_bottom":"","ocean_shortcode_after_footer_bottom":"","ocean_display_top_bar":"default","ocean_display_header":"default","ocean_header_style":"","ocean_center_header_left_menu":"0","ocean_custom_header_template":"0","ocean_custom_logo":0,"ocean_custom_retina_logo":0,"ocean_custom_logo_max_width":0,"ocean_custom_logo_tablet_max_width":0,"ocean_custom_logo_mobile_max_width":0,"ocean_custom_logo_max_height":0,"ocean_custom_logo_tablet_max_height":0,"ocean_custom_logo_mobile_max_height":0,"ocean_header_custom_menu":"0","ocean_menu_typo_font_family":"0","ocean_menu_typo_font_subset":"","ocean_menu_typo_font_size":0,"ocean_menu_typo_font_size_tablet":0,"ocean_menu_typo_font_size_mobile":0,"ocean_menu_typo_font_size_unit":"px","ocean_menu_typo_font_weight":"","ocean_menu_typo_font_weight_tablet":"","ocean_menu_typo_font_weight_mobile":"","ocean_menu_typo_transform":"","ocean_menu_typo_transform_tablet":"","ocean_menu_typo_transform_mobile":"","ocean_menu_typo_line_height":0,"ocean_menu_typo_line_height_tablet":0,"ocean_menu_typo_line_height_mobile":0,"ocean_menu_typo_line_height_unit":"","ocean_menu_typo_spacing":0,"ocean_menu_typo_spacing_tablet":0,"ocean_menu_typo_spacing_mobile":0,"ocean_menu_typo_spacing_unit":"","ocean_menu_link_color":"","ocean_menu_link_color_hover":"","ocean_menu_link_color_active":"","ocean_menu_link_background":"","ocean_menu_link_hover_background":"","ocean_menu_link_active_background":"","ocean_menu_social_links_bg":"","ocean_menu_social_hover_links_bg":"","ocean_menu_social_links_color":"","ocean_menu_social_hover_links_color":"","ocean_disable_title":"default","ocean_disable_heading":"default","ocean_post_title":"","ocean_post_subheading":"","ocean_post_title_style":"","ocean_post_title_background_color":"","ocean_post_title_background":0,"ocean_post_title_bg_image_position":"","ocean_post_title_bg_image_attachment":"","ocean_post_title_bg_image_repeat":"","ocean_post_title_bg_image_size":"","ocean_post_title_height":0,"ocean_post_title_bg_overlay":0.5,"ocean_post_title_bg_overlay_color":"","ocean_disable_breadcrumbs":"default","ocean_breadcrumbs_color":"","ocean_breadcrumbs_separator_color":"","ocean_breadcrumbs_links_color":"","ocean_breadcrumbs_links_hover_color":"","ocean_display_footer_widgets":"default","ocean_display_footer_bottom":"default","ocean_custom_footer_template":"0"},"product_cat":[44],"product_tag":[],"_links":{"self":[{"href":"https:\/\/mcwood.lt\/en\/wp-json\/wp\/v3\/product\/2864"}],"collection":[{"href":"https:\/\/mcwood.lt\/en\/wp-json\/wp\/v3\/product"}],"about":[{"href":"https:\/\/mcwood.lt\/en\/wp-json\/wp\/v2\/types\/product"}],"wp:featuredmedia":[{"embeddable":true,"href":"https:\/\/mcwood.lt\/en\/wp-json\/wp\/v2\/media\/2865"}],"wp:attachment":[{"href":"https:\/\/mcwood.lt\/en\/wp-json\/wp\/v2\/media?parent=2864"}],"wp:term":[{"taxonomy":"product_cat","embeddable":true,"href":"https:\/\/mcwood.lt\/en\/wp-json\/wp\/v2\/product_cat?post=2864"},{"taxonomy":"product_tag","embeddable":true,"href":"https:\/\/mcwood.lt\/en\/wp-json\/wp\/v2\/product_tag?post=2864"}],"curies":[{"name":"wp","href":"https:\/\/api.w.org\/{rel}","templated":true}]}}