{"id":2838,"date":"2022-02-14T21:42:27","date_gmt":"2022-02-14T21:42:27","guid":{"rendered":"http:\/\/mcwood.lt\/?post_type=product&#038;p=2838"},"modified":"2024-02-26T12:42:01","modified_gmt":"2024-02-26T12:42:01","slug":"skydas-is-taseliu-su-nelaminuotom-briaunom","status":"publish","type":"product","link":"https:\/\/mcwood.lt\/en\/product\/skydas-is-taseliu-su-nelaminuotom-briaunom\/","title":{"rendered":"Slats panel with non-laminated edges"},"content":{"rendered":"<h2>Slats panel with non-laminated edges<\/h2>\n<p>Apdailinis skydas pagamintas ant MDF plok\u0161t\u0117s pagrindo sumontavus 13 mm storio ir skirting\u0173 plo\u010di\u0173 laminuotus \u0105\u017euolinius ta\u0161elius su 10 mm tarpeliu. \u0160ie skydai da\u017eniausiai naudojami lub\u0173 apdailai. D\u0117l ma\u017eo tarpelio tarp ta\u0161eli\u0173, nelaminuotos briaunos yra beveik nematomos.<\/p>\n<p>It has been designed and made this way, so the panel can be easily tailored and used as a finishing element on walls or ceilings. The slats panel is easy to install, and can alter your home or office space beyond recognition.<\/p>\n<p>We guarantee that our products are free from any hazardous materials. Your health and wellbeing are important to us, and so is the environment. That is why we only supply premium, sustainable products.<\/p>\n<p>Skydai i\u0161 ta\u0161eli\u0173 interjere naudojami ne tik tada, kai reikia jaukumo ir prabangos. \u0160ie dekoro elementai opti\u0161kai didina erdv\u0119. Esant poreikiui naudojami siekiant atskirti erdves vizualiai. Apsidairykite m\u016bs\u0173 darb\u0173 skiltyje \u201c<a href=\"https:\/\/mcwood.lt\/en\/atlikti-darbai\/\">COMPLETED PROJECTS<\/a>\u201d. Tikime, rasite ten \u012fkv\u0117pimo!<\/p>\n<p>Feel free to choose \u2013 in this way, the wall or ceiling slats panel can blend into any interior. If you have your own ideas for the interior, we can help you bring them to life!<\/p>","protected":false},"excerpt":{"rendered":"<p><strong>Ta\u0161eliai lakuoti matiniu laku arba alyvuoti tonuota alyva<\/strong><\/p>\n<p class=\"p1\"><b>We use slats that are 52, 28 and 16 mm wide, and 13 mm thick.<\/b><\/p>\n<p class=\"p1 translation-block\">The finishing panel is made of a black MDF panel with laminated slats attached. It is a highly aesthetic, modern solution suitable for those who want a cosy and durable environment.<\/p>\n<ul style=\"font-size: 14px; margin: 20px 0 0; list-style: none;\">\n<li style=\"margin-bottom: 8px;\"><i class=\"icon-check\" style=\"color: #a78952; margin-right: 10px;\"><\/i> Naudojami 52, 28 ir 16 mm plo\u010dio ir 13 mm storio ta\u0161eliai su \u0105\u017euolo luk\u0161tu<\/li>\n<li style=\"margin-bottom: 8px;\"><i class=\"icon-check\" style=\"color: #a78952; margin-right: 10px;\"><\/i> Pagrindas i\u0161 8 mm storio da\u017eytos MDF plok\u0161t\u0117s arba karkaso su akustiniu audiniu.<\/li>\n<li style=\"margin-bottom: 8px;\"><i class=\"icon-check\" style=\"color: #a78952; margin-right: 10px;\"><\/i> The slats and the background can be painted in the colour of your choice from an RAL or NCS palette.<i class=\"icon-check\" style=\"color: #a78952; margin-right: 10px;\"><\/i><\/li>\n<li style=\"margin-bottom: 8px;\"><i class=\"icon-check\" style=\"color: #a78952; margin-right: 10px;\"><\/i> The installation can be done with glue for wall or with screws for wall or ceiling mounting.<i class=\"icon-check\" style=\"color: #a78952; margin-right: 10px;\"><\/i><\/li>\n<li><\/li>\n<\/ul>\n<p class=\"p1\">","protected":false},"featured_media":2839,"template":"","meta":{"ocean_post_layout":"","ocean_both_sidebars_style":"","ocean_both_sidebars_content_width":0,"ocean_both_sidebars_sidebars_width":0,"ocean_sidebar":"0","ocean_second_sidebar":"0","ocean_disable_margins":"enable","ocean_add_body_class":"","ocean_shortcode_before_top_bar":"","ocean_shortcode_after_top_bar":"","ocean_shortcode_before_header":"","ocean_shortcode_after_header":"","ocean_has_shortcode":"","ocean_shortcode_after_title":"","ocean_shortcode_before_footer_widgets":"","ocean_shortcode_after_footer_widgets":"","ocean_shortcode_before_footer_bottom":"","ocean_shortcode_after_footer_bottom":"","ocean_display_top_bar":"default","ocean_display_header":"default","ocean_header_style":"","ocean_center_header_left_menu":"0","ocean_custom_header_template":"0","ocean_custom_logo":0,"ocean_custom_retina_logo":0,"ocean_custom_logo_max_width":0,"ocean_custom_logo_tablet_max_width":0,"ocean_custom_logo_mobile_max_width":0,"ocean_custom_logo_max_height":0,"ocean_custom_logo_tablet_max_height":0,"ocean_custom_logo_mobile_max_height":0,"ocean_header_custom_menu":"0","ocean_menu_typo_font_family":"0","ocean_menu_typo_font_subset":"","ocean_menu_typo_font_size":0,"ocean_menu_typo_font_size_tablet":0,"ocean_menu_typo_font_size_mobile":0,"ocean_menu_typo_font_size_unit":"px","ocean_menu_typo_font_weight":"","ocean_menu_typo_font_weight_tablet":"","ocean_menu_typo_font_weight_mobile":"","ocean_menu_typo_transform":"","ocean_menu_typo_transform_tablet":"","ocean_menu_typo_transform_mobile":"","ocean_menu_typo_line_height":0,"ocean_menu_typo_line_height_tablet":0,"ocean_menu_typo_line_height_mobile":0,"ocean_menu_typo_line_height_unit":"","ocean_menu_typo_spacing":0,"ocean_menu_typo_spacing_tablet":0,"ocean_menu_typo_spacing_mobile":0,"ocean_menu_typo_spacing_unit":"","ocean_menu_link_color":"","ocean_menu_link_color_hover":"","ocean_menu_link_color_active":"","ocean_menu_link_background":"","ocean_menu_link_hover_background":"","ocean_menu_link_active_background":"","ocean_menu_social_links_bg":"","ocean_menu_social_hover_links_bg":"","ocean_menu_social_links_color":"","ocean_menu_social_hover_links_color":"","ocean_disable_title":"default","ocean_disable_heading":"default","ocean_post_title":"","ocean_post_subheading":"","ocean_post_title_style":"","ocean_post_title_background_color":"","ocean_post_title_background":0,"ocean_post_title_bg_image_position":"","ocean_post_title_bg_image_attachment":"","ocean_post_title_bg_image_repeat":"","ocean_post_title_bg_image_size":"","ocean_post_title_height":0,"ocean_post_title_bg_overlay":0.5,"ocean_post_title_bg_overlay_color":"","ocean_disable_breadcrumbs":"default","ocean_breadcrumbs_color":"","ocean_breadcrumbs_separator_color":"","ocean_breadcrumbs_links_color":"","ocean_breadcrumbs_links_hover_color":"","ocean_display_footer_widgets":"default","ocean_display_footer_bottom":"default","ocean_custom_footer_template":"0"},"product_cat":[44],"product_tag":[],"_links":{"self":[{"href":"https:\/\/mcwood.lt\/en\/wp-json\/wp\/v3\/product\/2838"}],"collection":[{"href":"https:\/\/mcwood.lt\/en\/wp-json\/wp\/v3\/product"}],"about":[{"href":"https:\/\/mcwood.lt\/en\/wp-json\/wp\/v2\/types\/product"}],"wp:featuredmedia":[{"embeddable":true,"href":"https:\/\/mcwood.lt\/en\/wp-json\/wp\/v2\/media\/2839"}],"wp:attachment":[{"href":"https:\/\/mcwood.lt\/en\/wp-json\/wp\/v2\/media?parent=2838"}],"wp:term":[{"taxonomy":"product_cat","embeddable":true,"href":"https:\/\/mcwood.lt\/en\/wp-json\/wp\/v2\/product_cat?post=2838"},{"taxonomy":"product_tag","embeddable":true,"href":"https:\/\/mcwood.lt\/en\/wp-json\/wp\/v2\/product_tag?post=2838"}],"curies":[{"name":"wp","href":"https:\/\/api.w.org\/{rel}","templated":true}]}}