{"id":2825,"date":"2022-02-14T21:26:29","date_gmt":"2022-02-14T21:26:29","guid":{"rendered":"http:\/\/mcwood.lt\/?post_type=product&#038;p=2825"},"modified":"2023-05-10T08:27:43","modified_gmt":"2023-05-10T08:27:43","slug":"skydas-skirtingu-plociu-gyliu","status":"publish","type":"product","link":"https:\/\/mcwood.lt\/en\/product\/skydas-skirtingu-plociu-gyliu\/","title":{"rendered":"Skydas, skirting\u0173 plo\u010di\u0173 ir gyli\u0173"},"content":{"rendered":"<h2>Skydas i\u0161 skirting\u0173 plo\u010di\u0173 ir gyli\u0173<\/h2>\n<p>Apdailinis skydas suformuotas i\u0161 skirting\u0173 plo\u010di\u0173 ir gylio ta\u0161eli\u0173 ir da\u017eytos 8 mm storio MDF plok\u0161t\u0117s. MDF plok\u0161t\u0117 gali b\u016bti da\u017eyma pasirinkta spalva, pagal RAL arba NCS \u00a0kod\u0105 . Ant pagrindo sumontuoti 20, 26 ir 40 mm plo\u010dio skirting\u0173 gyli\u0173 \u0105\u017euoliniai ta\u0161eliai.<\/p>\n<p>The MDF panel can be painted any colour of your choice from an RAL or NCS palette. The slats are attached to the panel with special staples applied with a stapler gun. The panel itself is fitted to the wall or the ceiling with a screw that goes through a gap between the slats.<\/p>\n<p>The slats panels can be used to re-design an interior, not only when you want it to be more cosy or look refined. These decor elements create the optical impression of a larger space, so they can be used to visually partition different areas, as needed. We can certainly provide you with excellent examples to prove this point!<\/p>\n<p>Feel free to choose \u2013 in this way, the wall or ceiling slats panel can blend into any interior. If you have your own ideas for the interior, we can help you bring them to life!<\/p>","protected":false},"excerpt":{"rendered":"<p><strong>Ta\u0161eliai lakuoti matiniu laku arba alyvuoti tonuota alyva<\/strong><\/p>\n<p class=\"p1\"><b>Naudojami 20, 26 ir 40 mm plo\u010dio ir skirting\u0173 gyli\u0173 ta\u0161eliai.<\/b><\/p>\n<p class=\"p1\">\u00a0\u0160iam skydui pagaminti naudojami 20, 26 ir 40 mm plo\u010dio skirting\u0173 gyli\u0173 ta\u0161eliai. Ie\u0161kote skandinavi\u0161ko interjero i\u0161skirtinumo ir jaukumo? \u0160is apdailinis skydas i\u0161 \u0105\u017euolini\u0173 ta\u0161eli\u0173 yra ilgaam\u017eis sprendimas. Med\u017eio dekoras visada madingas ir esteti\u0161kas.<\/p>\n<ul style=\"font-size: 14px; margin: 20px 0 0; list-style: none;\">\n<li style=\"margin-bottom: 8px;\"><i class=\"icon-check\" style=\"color: #a78952; margin-right: 10px;\"><\/i> We use slats 20, 26 and 40 mm wide. Different depth options are available.<\/li>\n<li style=\"margin-bottom: 8px;\"><i class=\"icon-check\" style=\"color: #a78952; margin-right: 10px;\"><\/i> Pagrindas i\u0161 8 mm storio da\u017eytos MDF plok\u0161t\u0117s.<\/li>\n<li style=\"margin-bottom: 8px;\"><i class=\"icon-check\" style=\"color: #a78952; margin-right: 10px;\"><\/i> Skydo pagrindo spalv\u0105 galite rinktis i\u0161 RAL arba NCS spalv\u0173 kod\u0173 pale\u010di\u0173.<\/li>\n<li style=\"margin-bottom: 8px;\"><i class=\"icon-check\" style=\"color: #a78952; margin-right: 10px;\"><\/i> The edges of the slats are laminated on all visible sides.<\/li>\n<li style=\"margin-bottom: 8px;\"><i class=\"icon-check\" style=\"color: #a78952; margin-right: 10px;\"><\/i> The installation can be done with glue for wall or with screws for wall or ceiling mounting.<\/li>\n<li style=\"margin-bottom: 8px;\"><i class=\"icon-check\" style=\"color: #a78952; margin-right: 10px;\"><\/i> Easy installation on walls and ceilings.<\/li>\n<li style=\"margin-bottom: 8px;\"><i class=\"icon-check\" style=\"color: #a78952; margin-right: 10px;\"><\/i> Optically increases the space.<\/li>\n<li style=\"margin-bottom: 8px;\"><i class=\"icon-check\" style=\"color: #a78952; margin-right: 10px;\"><\/i> The panel creates the optical impression of a larger space.<\/li>\n<\/ul>\n<p class=\"p1\">","protected":false},"featured_media":2833,"template":"","meta":{"ocean_post_layout":"","ocean_both_sidebars_style":"","ocean_both_sidebars_content_width":0,"ocean_both_sidebars_sidebars_width":0,"ocean_sidebar":"0","ocean_second_sidebar":"0","ocean_disable_margins":"enable","ocean_add_body_class":"","ocean_shortcode_before_top_bar":"","ocean_shortcode_after_top_bar":"","ocean_shortcode_before_header":"","ocean_shortcode_after_header":"","ocean_has_shortcode":"","ocean_shortcode_after_title":"","ocean_shortcode_before_footer_widgets":"","ocean_shortcode_after_footer_widgets":"","ocean_shortcode_before_footer_bottom":"","ocean_shortcode_after_footer_bottom":"","ocean_display_top_bar":"default","ocean_display_header":"default","ocean_header_style":"","ocean_center_header_left_menu":"0","ocean_custom_header_template":"0","ocean_custom_logo":0,"ocean_custom_retina_logo":0,"ocean_custom_logo_max_width":0,"ocean_custom_logo_tablet_max_width":0,"ocean_custom_logo_mobile_max_width":0,"ocean_custom_logo_max_height":0,"ocean_custom_logo_tablet_max_height":0,"ocean_custom_logo_mobile_max_height":0,"ocean_header_custom_menu":"0","ocean_menu_typo_font_family":"0","ocean_menu_typo_font_subset":"","ocean_menu_typo_font_size":0,"ocean_menu_typo_font_size_tablet":0,"ocean_menu_typo_font_size_mobile":0,"ocean_menu_typo_font_size_unit":"px","ocean_menu_typo_font_weight":"","ocean_menu_typo_font_weight_tablet":"","ocean_menu_typo_font_weight_mobile":"","ocean_menu_typo_transform":"","ocean_menu_typo_transform_tablet":"","ocean_menu_typo_transform_mobile":"","ocean_menu_typo_line_height":0,"ocean_menu_typo_line_height_tablet":0,"ocean_menu_typo_line_height_mobile":0,"ocean_menu_typo_line_height_unit":"","ocean_menu_typo_spacing":0,"ocean_menu_typo_spacing_tablet":0,"ocean_menu_typo_spacing_mobile":0,"ocean_menu_typo_spacing_unit":"","ocean_menu_link_color":"","ocean_menu_link_color_hover":"","ocean_menu_link_color_active":"","ocean_menu_link_background":"","ocean_menu_link_hover_background":"","ocean_menu_link_active_background":"","ocean_menu_social_links_bg":"","ocean_menu_social_hover_links_bg":"","ocean_menu_social_links_color":"","ocean_menu_social_hover_links_color":"","ocean_disable_title":"default","ocean_disable_heading":"default","ocean_post_title":"","ocean_post_subheading":"","ocean_post_title_style":"","ocean_post_title_background_color":"","ocean_post_title_background":0,"ocean_post_title_bg_image_position":"","ocean_post_title_bg_image_attachment":"","ocean_post_title_bg_image_repeat":"","ocean_post_title_bg_image_size":"","ocean_post_title_height":0,"ocean_post_title_bg_overlay":0.5,"ocean_post_title_bg_overlay_color":"","ocean_disable_breadcrumbs":"default","ocean_breadcrumbs_color":"","ocean_breadcrumbs_separator_color":"","ocean_breadcrumbs_links_color":"","ocean_breadcrumbs_links_hover_color":"","ocean_display_footer_widgets":"default","ocean_display_footer_bottom":"default","ocean_custom_footer_template":"0"},"product_cat":[44],"product_tag":[],"_links":{"self":[{"href":"https:\/\/mcwood.lt\/en\/wp-json\/wp\/v3\/product\/2825"}],"collection":[{"href":"https:\/\/mcwood.lt\/en\/wp-json\/wp\/v3\/product"}],"about":[{"href":"https:\/\/mcwood.lt\/en\/wp-json\/wp\/v2\/types\/product"}],"wp:featuredmedia":[{"embeddable":true,"href":"https:\/\/mcwood.lt\/en\/wp-json\/wp\/v2\/media\/2833"}],"wp:attachment":[{"href":"https:\/\/mcwood.lt\/en\/wp-json\/wp\/v2\/media?parent=2825"}],"wp:term":[{"taxonomy":"product_cat","embeddable":true,"href":"https:\/\/mcwood.lt\/en\/wp-json\/wp\/v2\/product_cat?post=2825"},{"taxonomy":"product_tag","embeddable":true,"href":"https:\/\/mcwood.lt\/en\/wp-json\/wp\/v2\/product_tag?post=2825"}],"curies":[{"name":"wp","href":"https:\/\/api.w.org\/{rel}","templated":true}]}}