{"id":1923,"date":"2021-12-10T17:10:04","date_gmt":"2021-12-10T17:10:04","guid":{"rendered":"http:\/\/mcwood.lt\/?post_type=product&#038;p=1923"},"modified":"2023-05-10T08:54:59","modified_gmt":"2023-05-10T08:54:59","slug":"azuoliniai-taseliai-39x20x2780","status":"publish","type":"product","link":"https:\/\/mcwood.lt\/en\/product\/azuoliniai-taseliai-39x20x2780\/","title":{"rendered":"Oak slats \u2013 39x20x2780"},"content":{"rendered":"<h2>Oak slats \u2013 39x20x2780<\/h2>\n<p>The slats are made from an MDF panel laminated with a natural oak shell on 3 sides. They can be used as a decor element on walls and ceilings to visually enlarge the space, or to enjoy the cosy and warm feeling that radiates from wood. The maximum length of the slats is 2780 mm.<\/p>\n<p>If you opt for plain slats, they can be coated with the oil or paint of your choice and glued on a prepared wall. The slats can be used in any room where there is low humidity. The specified price applies to each piece of the product. \n\nWe guarantee that our products are made from EU-certified ecological materials. Your health and wellbeing are important to us, and so is the environment. That is why we only supply high quality, sustainable products.\n\nFeel free to choose \u2013 in this way, the wall or ceiling slats panels can blend into any interior. If you have your own ideas for the interior, we can help you bring them to YOU!<\/p>","protected":false},"excerpt":{"rendered":"<p class=\"p1\"><b>Lakuotas\/alyvuotas &#8211; 10,50 eur\/vnt + PVM<\/b><\/p>\n<p class=\"p1\">\u0160ie \u0105\u017euoliniai ta\u0161eliai yra vienas perkamiausi\u0173 gamini\u0173 m\u016bs\u0173 asortimente. Ta\u0161eliai gali b\u016bti lakuoti nat\u016braliu matiniu laku, padengti pasirinkta alyva su spalva, beicuoti arba niekuo nepadengti.<\/p>\n<ul style=\"font-size: 14px; margin: 20px 0 0; list-style: none;\">\n<li style=\"margin-bottom: 8px;\"><i class=\"icon-check\" style=\"color: #a78952; margin-right: 10px;\"><\/i> Width 39 mm x depth 20 mm x height 2780 mm.<\/li>\n<li style=\"margin-bottom: 8px;\"><i class=\"icon-check\" style=\"color: #a78952; margin-right: 10px;\"><\/i> Natural oak shell laminated\non 3 sides.<\/li>\n<li style=\"margin-bottom: 8px;\"><i class=\"icon-check\" style=\"color: #a78952; margin-right: 10px;\"><\/i> The slats keep their shape and are resistant to environmental effects.<\/li>\n<li style=\"margin-bottom: 8px;\"><i class=\"icon-check\" style=\"color: #a78952; margin-right: 10px;\"><\/i> Can be glued onto walls and ceilings.<\/li>\n<li style=\"margin-bottom: 8px;\"><i class=\"icon-check\" style=\"color: #a78952; margin-right: 10px;\"><\/i> Easy and quick to install.<\/li>\n<li style=\"margin-bottom: 8px;\"><i class=\"icon-check\" style=\"color: #a78952; margin-right: 10px;\"><\/i> Can be glued in place with installation - grade glue.<\/li>\n<li style=\"margin-bottom: 8px;\"><i class=\"icon-check\" style=\"color: #a78952; margin-right: 10px;\"><\/i> An elegant and cosy addition to your interior.<\/li>\n<\/ul>\n<p class=\"p2\">Slat measurements (mm): 39x20x2780<\/p>","protected":false},"featured_media":2673,"template":"","meta":{"ocean_post_layout":"","ocean_both_sidebars_style":"","ocean_both_sidebars_content_width":0,"ocean_both_sidebars_sidebars_width":0,"ocean_sidebar":"0","ocean_second_sidebar":"0","ocean_disable_margins":"enable","ocean_add_body_class":"","ocean_shortcode_before_top_bar":"","ocean_shortcode_after_top_bar":"","ocean_shortcode_before_header":"","ocean_shortcode_after_header":"","ocean_has_shortcode":"","ocean_shortcode_after_title":"","ocean_shortcode_before_footer_widgets":"","ocean_shortcode_after_footer_widgets":"","ocean_shortcode_before_footer_bottom":"","ocean_shortcode_after_footer_bottom":"","ocean_display_top_bar":"default","ocean_display_header":"default","ocean_header_style":"","ocean_center_header_left_menu":"0","ocean_custom_header_template":"0","ocean_custom_logo":0,"ocean_custom_retina_logo":0,"ocean_custom_logo_max_width":0,"ocean_custom_logo_tablet_max_width":0,"ocean_custom_logo_mobile_max_width":0,"ocean_custom_logo_max_height":0,"ocean_custom_logo_tablet_max_height":0,"ocean_custom_logo_mobile_max_height":0,"ocean_header_custom_menu":"0","ocean_menu_typo_font_family":"0","ocean_menu_typo_font_subset":"","ocean_menu_typo_font_size":0,"ocean_menu_typo_font_size_tablet":0,"ocean_menu_typo_font_size_mobile":0,"ocean_menu_typo_font_size_unit":"px","ocean_menu_typo_font_weight":"","ocean_menu_typo_font_weight_tablet":"","ocean_menu_typo_font_weight_mobile":"","ocean_menu_typo_transform":"","ocean_menu_typo_transform_tablet":"","ocean_menu_typo_transform_mobile":"","ocean_menu_typo_line_height":0,"ocean_menu_typo_line_height_tablet":0,"ocean_menu_typo_line_height_mobile":0,"ocean_menu_typo_line_height_unit":"","ocean_menu_typo_spacing":0,"ocean_menu_typo_spacing_tablet":0,"ocean_menu_typo_spacing_mobile":0,"ocean_menu_typo_spacing_unit":"","ocean_menu_link_color":"","ocean_menu_link_color_hover":"","ocean_menu_link_color_active":"","ocean_menu_link_background":"","ocean_menu_link_hover_background":"","ocean_menu_link_active_background":"","ocean_menu_social_links_bg":"","ocean_menu_social_hover_links_bg":"","ocean_menu_social_links_color":"","ocean_menu_social_hover_links_color":"","ocean_disable_title":"default","ocean_disable_heading":"default","ocean_post_title":"","ocean_post_subheading":"","ocean_post_title_style":"","ocean_post_title_background_color":"","ocean_post_title_background":0,"ocean_post_title_bg_image_position":"","ocean_post_title_bg_image_attachment":"","ocean_post_title_bg_image_repeat":"","ocean_post_title_bg_image_size":"","ocean_post_title_height":0,"ocean_post_title_bg_overlay":0.5,"ocean_post_title_bg_overlay_color":"","ocean_disable_breadcrumbs":"default","ocean_breadcrumbs_color":"","ocean_breadcrumbs_separator_color":"","ocean_breadcrumbs_links_color":"","ocean_breadcrumbs_links_hover_color":"","ocean_display_footer_widgets":"default","ocean_display_footer_bottom":"default","ocean_custom_footer_template":"0"},"product_cat":[43],"product_tag":[],"_links":{"self":[{"href":"https:\/\/mcwood.lt\/en\/wp-json\/wp\/v3\/product\/1923"}],"collection":[{"href":"https:\/\/mcwood.lt\/en\/wp-json\/wp\/v3\/product"}],"about":[{"href":"https:\/\/mcwood.lt\/en\/wp-json\/wp\/v2\/types\/product"}],"wp:featuredmedia":[{"embeddable":true,"href":"https:\/\/mcwood.lt\/en\/wp-json\/wp\/v2\/media\/2673"}],"wp:attachment":[{"href":"https:\/\/mcwood.lt\/en\/wp-json\/wp\/v2\/media?parent=1923"}],"wp:term":[{"taxonomy":"product_cat","embeddable":true,"href":"https:\/\/mcwood.lt\/en\/wp-json\/wp\/v2\/product_cat?post=1923"},{"taxonomy":"product_tag","embeddable":true,"href":"https:\/\/mcwood.lt\/en\/wp-json\/wp\/v2\/product_tag?post=1923"}],"curies":[{"name":"wp","href":"https:\/\/api.w.org\/{rel}","templated":true}]}}