{"id":1903,"date":"2021-12-10T12:22:00","date_gmt":"2021-12-10T12:22:00","guid":{"rendered":"http:\/\/mcwood.lt\/?post_type=product&#038;p=1903"},"modified":"2023-05-10T09:00:53","modified_gmt":"2023-05-10T09:00:53","slug":"azuoliniai-taseliai-26x40x2780","status":"publish","type":"product","link":"https:\/\/mcwood.lt\/en\/product\/azuoliniai-taseliai-26x40x2780\/","title":{"rendered":"Oak slats 26x40x2780"},"content":{"rendered":"<h2>Oak slats 26x40x2780<\/h2>\n<p class=\"p1\">26x40x2780 mm<\/p>\n<p>\u0160ie \u0105\u017euoliniai ta\u0161eliai d\u0117l savo gamybos ypatum\u0173 nesideformuoja ir yra atspar\u016bs aplinkos veiksniams. Kod\u0117l nesideformuoja? Nes ta\u0161eliai pagaminti i\u0161 MDF plok\u0161t\u0117s, laminuotos nat\u016braliu \u0105\u017euolo luk\u0161tu i\u0161 3 pusi\u0173. Lengvai ir greitai montuojami prie lub\u0173 ir sien\u0173.<\/p>\n<p>If you opt for plain slats, they can be coated with the oil or paint of your choice and glued on a prepared wall. The slats can be used in any room where there is low humidity. The specified price applies to each piece of the product.<\/p>\n<p>We guarantee that our products are free from any hazardous materials. Your health and wellbeing are important to us, and so is the environment. That is why we only supply premium, sustainable products.\n\nFeel free to choose \u2013 in this way, the wall or ceiling slats panel can blend into any interior. If you have your own ideas for the interior, we can help you bring them to life!<\/p>","protected":false},"excerpt":{"rendered":"<p class=\"p1\"><b>Lakuotas\/alyvuotas &#8211; 12 eur\/vnt + PVM<\/b><\/p>\n<p>These oak slats are among the favourites in our product range. The slats can come varnished with a natural matt varnish, coated with oil (you can choose the oil and the colour) or plain.<\/p>\n<ul style=\"font-size: 14px; margin: 20px 0 0; list-style: none;\">\n<li style=\"margin-bottom: 8px;\"><i class=\"icon-check\" style=\"color: #a78952; margin-right: 10px;\"><\/i> Width 26 mm x depth 40 mm x height 2780 mm.<\/li>\n<li style=\"margin-bottom: 8px;\"><i class=\"icon-check\" style=\"color: #a78952; margin-right: 10px;\"><\/i> Natural oak shell laminated\non 3 sides.<\/li>\n<li style=\"margin-bottom: 8px;\"><i class=\"icon-check\" style=\"color: #a78952; margin-right: 10px;\"><\/i> The slats keep their shape and are resistant to environmental effects.<\/li>\n<li style=\"margin-bottom: 8px;\"><i class=\"icon-check\" style=\"color: #a78952; margin-right: 10px;\"><\/i> They are made from an MDF panel.<\/li>\n<li style=\"margin-bottom: 8px;\"><i class=\"icon-check\" style=\"color: #a78952; margin-right: 10px;\"><\/i> Can be glued onto walls and ceilings.<\/li>\n<li style=\"margin-bottom: 8px;\"><i class=\"icon-check\" style=\"color: #a78952; margin-right: 10px;\"><\/i> Easy and quick to install.<\/li>\n<li style=\"margin-bottom: 8px;\"><i class=\"icon-check\" style=\"color: #a78952; margin-right: 10px;\"><\/i> Can be glued in place with installation - grade glue.<\/li>\n<\/ul>\n<p>Slat measurements (mm): 26x40x2780<\/p>","protected":false},"featured_media":2697,"template":"","meta":{"ocean_post_layout":"","ocean_both_sidebars_style":"","ocean_both_sidebars_content_width":0,"ocean_both_sidebars_sidebars_width":0,"ocean_sidebar":"0","ocean_second_sidebar":"0","ocean_disable_margins":"enable","ocean_add_body_class":"","ocean_shortcode_before_top_bar":"","ocean_shortcode_after_top_bar":"","ocean_shortcode_before_header":"","ocean_shortcode_after_header":"","ocean_has_shortcode":"","ocean_shortcode_after_title":"","ocean_shortcode_before_footer_widgets":"","ocean_shortcode_after_footer_widgets":"","ocean_shortcode_before_footer_bottom":"","ocean_shortcode_after_footer_bottom":"","ocean_display_top_bar":"default","ocean_display_header":"default","ocean_header_style":"","ocean_center_header_left_menu":"0","ocean_custom_header_template":"0","ocean_custom_logo":0,"ocean_custom_retina_logo":0,"ocean_custom_logo_max_width":0,"ocean_custom_logo_tablet_max_width":0,"ocean_custom_logo_mobile_max_width":0,"ocean_custom_logo_max_height":0,"ocean_custom_logo_tablet_max_height":0,"ocean_custom_logo_mobile_max_height":0,"ocean_header_custom_menu":"0","ocean_menu_typo_font_family":"0","ocean_menu_typo_font_subset":"","ocean_menu_typo_font_size":0,"ocean_menu_typo_font_size_tablet":0,"ocean_menu_typo_font_size_mobile":0,"ocean_menu_typo_font_size_unit":"px","ocean_menu_typo_font_weight":"","ocean_menu_typo_font_weight_tablet":"","ocean_menu_typo_font_weight_mobile":"","ocean_menu_typo_transform":"","ocean_menu_typo_transform_tablet":"","ocean_menu_typo_transform_mobile":"","ocean_menu_typo_line_height":0,"ocean_menu_typo_line_height_tablet":0,"ocean_menu_typo_line_height_mobile":0,"ocean_menu_typo_line_height_unit":"","ocean_menu_typo_spacing":0,"ocean_menu_typo_spacing_tablet":0,"ocean_menu_typo_spacing_mobile":0,"ocean_menu_typo_spacing_unit":"","ocean_menu_link_color":"","ocean_menu_link_color_hover":"","ocean_menu_link_color_active":"","ocean_menu_link_background":"","ocean_menu_link_hover_background":"","ocean_menu_link_active_background":"","ocean_menu_social_links_bg":"","ocean_menu_social_hover_links_bg":"","ocean_menu_social_links_color":"","ocean_menu_social_hover_links_color":"","ocean_disable_title":"default","ocean_disable_heading":"default","ocean_post_title":"","ocean_post_subheading":"","ocean_post_title_style":"","ocean_post_title_background_color":"","ocean_post_title_background":0,"ocean_post_title_bg_image_position":"","ocean_post_title_bg_image_attachment":"","ocean_post_title_bg_image_repeat":"","ocean_post_title_bg_image_size":"","ocean_post_title_height":0,"ocean_post_title_bg_overlay":0.5,"ocean_post_title_bg_overlay_color":"","ocean_disable_breadcrumbs":"default","ocean_breadcrumbs_color":"","ocean_breadcrumbs_separator_color":"","ocean_breadcrumbs_links_color":"","ocean_breadcrumbs_links_hover_color":"","ocean_display_footer_widgets":"default","ocean_display_footer_bottom":"default","ocean_custom_footer_template":"0"},"product_cat":[43],"product_tag":[],"_links":{"self":[{"href":"https:\/\/mcwood.lt\/en\/wp-json\/wp\/v3\/product\/1903"}],"collection":[{"href":"https:\/\/mcwood.lt\/en\/wp-json\/wp\/v3\/product"}],"about":[{"href":"https:\/\/mcwood.lt\/en\/wp-json\/wp\/v2\/types\/product"}],"wp:featuredmedia":[{"embeddable":true,"href":"https:\/\/mcwood.lt\/en\/wp-json\/wp\/v2\/media\/2697"}],"wp:attachment":[{"href":"https:\/\/mcwood.lt\/en\/wp-json\/wp\/v2\/media?parent=1903"}],"wp:term":[{"taxonomy":"product_cat","embeddable":true,"href":"https:\/\/mcwood.lt\/en\/wp-json\/wp\/v2\/product_cat?post=1903"},{"taxonomy":"product_tag","embeddable":true,"href":"https:\/\/mcwood.lt\/en\/wp-json\/wp\/v2\/product_tag?post=1903"}],"curies":[{"name":"wp","href":"https:\/\/api.w.org\/{rel}","templated":true}]}}